{"id":18648,"date":"2017-09-27T04:47:05","date_gmt":"2017-09-27T04:47:05","guid":{"rendered":"https:\/\/alilla.com\/media\/"},"modified":"2019-11-25T15:18:31","modified_gmt":"2019-11-25T15:18:31","slug":"media","status":"publish","type":"page","link":"https:\/\/alilla.com\/it\/media\/","title":{"rendered":"Media"},"content":{"rendered":"<p>[vc_row][vc_column width=&#8221;1\/2&#8243;][vc_column_text]<\/p>\n<h2><strong>Alilla Cosmetics<\/strong><\/h2>\n<h5>COSMETICI POLACCHI DI TRUCCO NATURALE IN UNA PALETTE IN LEGNO ESCLUSIVA &#8211; STAI FUORI!<\/h5>\n<h3><span lang=\"IT\">SII LA FACCIA \/ AMBASCIATORE DELLA<\/span><\/h3>\n<h5><span lang=\"IT\">NUOVA LINEA DI PRODOTTI ESCLUSIVI<\/span><\/h5>\n<h4><span lang=\"IT\">Se sei riconosciuta\/-o, scrivi un blog, hai centinaia di migliaia di followers su Instagram e non solo &#8230; Se conosci persone dal grande schermo polacco o dalle prime pagine dei giornali o la tua consapevolezza della qualit\u00e0 dei prodotti cosmetici e degli aspetti pro-salute dello shopping la salute \u00e8 alta<\/span><\/h4>\n<h4>Scrivici tramite il modulo fornito o contattaci direttamente:<\/h4>\n<h4>cell : <strong>+48 531 344 274 \u00a0<\/strong>|<strong> \u00a0<\/strong>e-mail: <strong>wspolpraca@alilla.com<\/strong><\/h4>\n<h4>Salute, natura ed ecologia sono i nostri percorsi. Raggiungiamo un consumatore consapevole per garantirvi la pace e la sicurezza fornendo cosmetici naturali, ipoallergenici ed estremamente resistenti e profondamente pigmentati per le donne, in particolare con la pelle problematica, estremamente sensibile<\/h4>\n<h4>Se, come noi, ti preoccupi della salute e dell&#8217;ambiente e vivi in \u200b\u200barmonia con la natura, questa scelta \u00e8 per te.<\/h4>\n<p>[\/vc_column_text][\/vc_column][vc_column width=&#8221;1\/2&#8243;][contact-form-7 id=&#8221;16573&#8243;][\/vc_column][\/vc_row][vc_row][vc_column][vc_column_text]<\/p>\n<h2>LA NOSTRA FIDUCIA DELL\u2019OMBRA NATURALE:<\/h2>\n<p>&nbsp;<\/p>\n<p><strong>MAGDALENA BIE\u0143KOWSKA<\/strong><\/p>\n<p>Vincitrice del titolo di Miss Polonia 2015. Ha rappresentato la Polonia nel concorso internazionale Miss International 2016, in cui era in finale.<\/p>\n<p><span lang=\"IT\">MAGDALENA era anche un candidato polacco per il titolo di Miss Mondo nel novembre 2017 a Sanya, in Cina<\/span><\/p>\n<p><a class=\"dt-pswp-item\" href=\"http:\/\/alilla.com\/wp-content\/uploads\/2017\/09\/4.jpg\" data-dt-img-description=\"\" data-large_image_width=\"750\" data-large_image_height=\"936\"><img loading=\"lazy\" class=\"alignnone wp-image-16676\" src=\"http:\/\/alilla.com\/wp-content\/uploads\/2017\/09\/4-240x300.jpg\" alt=\"\" width=\"226\" height=\"283\" srcset=\"https:\/\/alilla.com\/wp-content\/uploads\/2017\/09\/4-240x300.jpg 240w, https:\/\/alilla.com\/wp-content\/uploads\/2017\/09\/4.jpg 750w\" sizes=\"(max-width: 226px) 100vw, 226px\" \/><\/a><a class=\"dt-pswp-item\" href=\"http:\/\/alilla.com\/wp-content\/uploads\/2017\/09\/3.jpg\" data-dt-img-description=\"\" data-large_image_width=\"2000\" data-large_image_height=\"2000\"><img loading=\"lazy\" class=\"alignnone wp-image-16680\" src=\"http:\/\/alilla.com\/wp-content\/uploads\/2017\/09\/3-300x300.jpg\" alt=\"\" width=\"282\" height=\"282\" srcset=\"https:\/\/alilla.com\/wp-content\/uploads\/2017\/09\/3-300x300.jpg 300w, https:\/\/alilla.com\/wp-content\/uploads\/2017\/09\/3-150x150.jpg 150w, https:\/\/alilla.com\/wp-content\/uploads\/2017\/09\/3-768x768.jpg 768w, https:\/\/alilla.com\/wp-content\/uploads\/2017\/09\/3-1024x1024.jpg 1024w, https:\/\/alilla.com\/wp-content\/uploads\/2017\/09\/3-600x600.jpg 600w, https:\/\/alilla.com\/wp-content\/uploads\/2017\/09\/3.jpg 2000w\" sizes=\"(max-width: 282px) 100vw, 282px\" \/><\/a><a class=\"dt-pswp-item\" href=\"http:\/\/alilla.com\/wp-content\/uploads\/2017\/09\/5.jpg\" data-dt-img-description=\"\" data-large_image_width=\"640\" data-large_image_height=\"640\"><img loading=\"lazy\" class=\"alignnone wp-image-16682\" src=\"http:\/\/alilla.com\/wp-content\/uploads\/2017\/09\/5-300x300.jpg\" alt=\"\" width=\"281\" height=\"281\" srcset=\"https:\/\/alilla.com\/wp-content\/uploads\/2017\/09\/5-300x300.jpg 300w, https:\/\/alilla.com\/wp-content\/uploads\/2017\/09\/5-150x150.jpg 150w, https:\/\/alilla.com\/wp-content\/uploads\/2017\/09\/5-600x600.jpg 600w, https:\/\/alilla.com\/wp-content\/uploads\/2017\/09\/5.jpg 640w\" sizes=\"(max-width: 281px) 100vw, 281px\" \/><\/a><\/p>\n<p>&nbsp;<\/p>\n<p class=\"r\"><strong>MONIKA ANASTAZJA ADACH<\/strong><\/p>\n<p>Vincitore del titolo Vice Miss Polish Teenagers 2010.<\/p>\n<p><a class=\"dt-pswp-item\" href=\"http:\/\/alilla.com\/wp-content\/uploads\/2017\/09\/Unknown.jpg\" data-dt-img-description=\"\" data-large_image_width=\"150\" data-large_image_height=\"150\"><img loading=\"lazy\" class=\"alignnone wp-image-16705\" src=\"http:\/\/alilla.com\/wp-content\/uploads\/2017\/09\/Unknown.jpg\" alt=\"\" width=\"192\" height=\"192\" \/><\/a><a class=\"dt-pswp-item\" href=\"http:\/\/alilla.com\/wp-content\/uploads\/2017\/09\/2-1.jpg\" data-dt-img-description=\"\" data-large_image_width=\"480\" data-large_image_height=\"480\"><img loading=\"lazy\" class=\"alignnone wp-image-16711\" src=\"http:\/\/alilla.com\/wp-content\/uploads\/2017\/09\/2-1-300x300.jpg\" alt=\"\" width=\"192\" height=\"192\" srcset=\"https:\/\/alilla.com\/wp-content\/uploads\/2017\/09\/2-1-300x300.jpg 300w, https:\/\/alilla.com\/wp-content\/uploads\/2017\/09\/2-1-150x150.jpg 150w, https:\/\/alilla.com\/wp-content\/uploads\/2017\/09\/2-1.jpg 480w\" sizes=\"(max-width: 192px) 100vw, 192px\" \/><\/a><a class=\"dt-pswp-item\" href=\"http:\/\/alilla.com\/wp-content\/uploads\/2017\/09\/image1.jpg\" data-dt-img-description=\"\" data-large_image_width=\"2048\" data-large_image_height=\"1354\"><img loading=\"lazy\" class=\"alignnone wp-image-16737\" src=\"http:\/\/alilla.com\/wp-content\/uploads\/2017\/09\/image1-300x198.jpg\" alt=\"\" width=\"290\" height=\"191\" srcset=\"https:\/\/alilla.com\/wp-content\/uploads\/2017\/09\/image1-300x198.jpg 300w, https:\/\/alilla.com\/wp-content\/uploads\/2017\/09\/image1-768x508.jpg 768w, https:\/\/alilla.com\/wp-content\/uploads\/2017\/09\/image1-1024x677.jpg 1024w, https:\/\/alilla.com\/wp-content\/uploads\/2017\/09\/image1.jpg 2048w\" sizes=\"(max-width: 290px) 100vw, 290px\" \/><\/a><\/p>\n<p>&nbsp;<\/p>\n<p class=\"r\"><strong>ANIA PISZCZA\u0141KA<\/strong><\/p>\n<p><span lang=\"IT\">Una modella polacca che ha preso parte a spettacoli a Milano. Ha guadagnato popolarit\u00e0 nel 2010, conquistando il terzo posto nella prima edizione del programma &#8220;Top Model&#8221;<\/span>.<\/p>\n<p>ANIA partecipa a spettacoli di famosi designer polacchi, come Anna Cichosz, Maciej Zie\u0144 o Dawid Woli\u0144ski. Ania ha anche interpretato le creazioni di Eva Minge, Gosia Baczy\u0144ska e Teresa Kopias.<\/p>\n<p><a class=\"dt-pswp-item\" href=\"http:\/\/alilla.com\/wp-content\/uploads\/2017\/09\/ania-piszcz1.jpg\" data-dt-img-description=\"\" data-large_image_width=\"960\" data-large_image_height=\"960\"><img loading=\"lazy\" class=\"alignnone wp-image-16806\" src=\"http:\/\/alilla.com\/wp-content\/uploads\/2017\/09\/ania-piszcz1-300x300.jpg\" alt=\"\" width=\"291\" height=\"291\" srcset=\"https:\/\/alilla.com\/wp-content\/uploads\/2017\/09\/ania-piszcz1-300x300.jpg 300w, https:\/\/alilla.com\/wp-content\/uploads\/2017\/09\/ania-piszcz1-150x150.jpg 150w, https:\/\/alilla.com\/wp-content\/uploads\/2017\/09\/ania-piszcz1-768x768.jpg 768w, https:\/\/alilla.com\/wp-content\/uploads\/2017\/09\/ania-piszcz1-600x600.jpg 600w, https:\/\/alilla.com\/wp-content\/uploads\/2017\/09\/ania-piszcz1.jpg 960w\" sizes=\"(max-width: 291px) 100vw, 291px\" \/><\/a><a class=\"dt-pswp-item\" href=\"http:\/\/alilla.com\/wp-content\/uploads\/2017\/09\/ania-piszcza\u0142ka.jpg\" data-dt-img-description=\"\" data-large_image_width=\"768\" data-large_image_height=\"960\"><img loading=\"lazy\" class=\"alignnone wp-image-16810\" src=\"http:\/\/alilla.com\/wp-content\/uploads\/2017\/09\/ania-piszcza\u0142ka-240x300.jpg\" alt=\"\" width=\"233\" height=\"291\" srcset=\"https:\/\/alilla.com\/wp-content\/uploads\/2017\/09\/ania-piszcza\u0142ka-240x300.jpg 240w, https:\/\/alilla.com\/wp-content\/uploads\/2017\/09\/ania-piszcza\u0142ka.jpg 768w\" sizes=\"(max-width: 233px) 100vw, 233px\" \/><\/a><img loading=\"lazy\" class=\"alignnone wp-image-16812\" src=\"http:\/\/alilla.com\/wp-content\/uploads\/2017\/09\/ania-piszcz2-197x300.png\" alt=\"\" width=\"192\" height=\"292\" \/><\/p>\n<p><a class=\"dt-pswp-item\" href=\"http:\/\/alilla.com\/wp-content\/uploads\/2017\/09\/IMG_3900.jpg\" data-dt-img-description=\"\" data-large_image_width=\"3024\" data-large_image_height=\"4032\"><img loading=\"lazy\" class=\"alignnone wp-image-16802\" src=\"http:\/\/alilla.com\/wp-content\/uploads\/2017\/09\/IMG_3900-225x300.jpg\" alt=\"\" width=\"136\" height=\"181\" \/><\/a><img loading=\"lazy\" class=\"alignnone wp-image-16808\" src=\"http:\/\/alilla.com\/wp-content\/uploads\/2017\/09\/ania-piszcza\u0142ka-1-300x169.jpg\" alt=\"\" width=\"321\" height=\"181\" srcset=\"https:\/\/alilla.com\/wp-content\/uploads\/2017\/09\/ania-piszcza\u0142ka-1-300x169.jpg 300w, https:\/\/alilla.com\/wp-content\/uploads\/2017\/09\/ania-piszcza\u0142ka-1-768x432.jpg 768w, https:\/\/alilla.com\/wp-content\/uploads\/2017\/09\/ania-piszcza\u0142ka-1-1024x576.jpg 1024w, https:\/\/alilla.com\/wp-content\/uploads\/2017\/09\/ania-piszcza\u0142ka-1.jpg 1080w\" sizes=\"(max-width: 321px) 100vw, 321px\" \/><img loading=\"lazy\" class=\"alignnone wp-image-16800\" src=\"http:\/\/alilla.com\/wp-content\/uploads\/2017\/09\/IMG_3899-225x300.jpg\" alt=\"\" width=\"136\" height=\"181\" \/><img loading=\"lazy\" class=\"alignnone wp-image-16798\" src=\"http:\/\/alilla.com\/wp-content\/uploads\/2017\/09\/DSC_5279-300x199.jpg\" alt=\"\" width=\"273\" height=\"181\" \/><\/p>\n<p>&nbsp;<\/p>\n<p><strong>AGNIESZKA KAWIORSKA<\/strong><\/p>\n<p><span lang=\"IT\">Attrice polacca di teatro e cinema. Laureato presso la State Theatre School di Cracovia (2006). Mentre era ancora una studentessa del secondo anno, ha debuttato sul palcoscenico dell&#8217;Old Theatre di Cracovia nella commedia Gang Bang di Pawe\u0142 Sala diretta da Krzysztof Jaworski (2004). Il primo ruolo importante sul grande schermo \u00e8 stato il film Katyn diretto da Andrzej Wajda, in cui interpretava Ewa, la figlia di un generale assassinato a Katyn. Dopo essersi diplomata al PWST, si \u00e8 esibita nei teatri di Cracovia: Teatr Teatr, Teatr Ludowy e Teatr Variete. Ha perfezionato il suo laboratorio di recitazione al The Actors Temple di Londra.<\/span><\/p>\n<p><a class=\"dt-pswp-item\" href=\"http:\/\/alilla.com\/wp-content\/uploads\/2017\/12\/P1010646.jpg\" data-dt-img-description=\"\" data-large_image_width=\"3448\" data-large_image_height=\"4592\"><img loading=\"lazy\" class=\"alignnone size-medium wp-image-17132\" src=\"http:\/\/alilla.com\/wp-content\/uploads\/2017\/12\/P1010646-225x300.jpg\" alt=\"\" width=\"225\" height=\"300\" srcset=\"https:\/\/alilla.com\/wp-content\/uploads\/2017\/12\/P1010646-225x300.jpg 225w, https:\/\/alilla.com\/wp-content\/uploads\/2017\/12\/P1010646-768x1023.jpg 768w, https:\/\/alilla.com\/wp-content\/uploads\/2017\/12\/P1010646-769x1024.jpg 769w\" sizes=\"(max-width: 225px) 100vw, 225px\" \/><\/a><a class=\"dt-pswp-item\" href=\"http:\/\/alilla.com\/wp-content\/uploads\/2017\/12\/IMG_4502.jpg\" data-dt-img-description=\"\" data-large_image_width=\"800\" data-large_image_height=\"1422\"><img loading=\"lazy\" class=\"alignnone size-medium wp-image-17134\" src=\"http:\/\/alilla.com\/wp-content\/uploads\/2017\/12\/IMG_4502-169x300.jpg\" alt=\"\" width=\"169\" height=\"300\" srcset=\"https:\/\/alilla.com\/wp-content\/uploads\/2017\/12\/IMG_4502-169x300.jpg 169w, https:\/\/alilla.com\/wp-content\/uploads\/2017\/12\/IMG_4502-768x1365.jpg 768w, https:\/\/alilla.com\/wp-content\/uploads\/2017\/12\/IMG_4502-576x1024.jpg 576w, https:\/\/alilla.com\/wp-content\/uploads\/2017\/12\/IMG_4502.jpg 800w\" sizes=\"(max-width: 169px) 100vw, 169px\" \/><\/a><a class=\"dt-pswp-item\" href=\"http:\/\/alilla.com\/wp-content\/uploads\/2017\/12\/DSC_1530.jpg\" data-dt-img-description=\"\" data-large_image_width=\"2362\" data-large_image_height=\"3543\"><img loading=\"lazy\" class=\"alignnone size-medium wp-image-17136\" src=\"http:\/\/alilla.com\/wp-content\/uploads\/2017\/12\/DSC_1530-200x300.jpg\" alt=\"\" width=\"200\" height=\"300\" srcset=\"https:\/\/alilla.com\/wp-content\/uploads\/2017\/12\/DSC_1530-200x300.jpg 200w, https:\/\/alilla.com\/wp-content\/uploads\/2017\/12\/DSC_1530-768x1152.jpg 768w, https:\/\/alilla.com\/wp-content\/uploads\/2017\/12\/DSC_1530-683x1024.jpg 683w\" sizes=\"(max-width: 200px) 100vw, 200px\" \/><\/a><a class=\"dt-pswp-item\" href=\"http:\/\/alilla.com\/wp-content\/uploads\/2017\/12\/DSC_1225.jpg\" data-dt-img-description=\"\" data-large_image_width=\"2362\" data-large_image_height=\"3543\"><img loading=\"lazy\" class=\"alignnone size-medium wp-image-17138\" src=\"http:\/\/alilla.com\/wp-content\/uploads\/2017\/12\/DSC_1225-200x300.jpg\" alt=\"\" width=\"200\" height=\"300\" srcset=\"https:\/\/alilla.com\/wp-content\/uploads\/2017\/12\/DSC_1225-200x300.jpg 200w, https:\/\/alilla.com\/wp-content\/uploads\/2017\/12\/DSC_1225-768x1152.jpg 768w, https:\/\/alilla.com\/wp-content\/uploads\/2017\/12\/DSC_1225-683x1024.jpg 683w\" sizes=\"(max-width: 200px) 100vw, 200px\" \/><\/a><\/p>\n<p>&nbsp;<\/p>\n<p><strong>ELIZA GWIAZDA<\/strong><\/p>\n<p><span lang=\"IT\">La famosa presentatrice televisiva. Bella, giovane e molto ambiziosa. Ogni giorno lavora con star e celebrit\u00e0. \u00c8 redattrice di un salone che riferisce i pi\u00f9 importanti eventi culturali e di moda in Polonia.<\/span><\/p>\n<p><a class=\"dt-pswp-item\" href=\"http:\/\/alilla.com\/wp-content\/uploads\/2017\/12\/DSC_1495.jpg\" data-dt-img-description=\"\" data-large_image_width=\"3543\" data-large_image_height=\"2362\"><img loading=\"lazy\" class=\"alignnone size-medium wp-image-17142\" src=\"http:\/\/alilla.com\/wp-content\/uploads\/2017\/12\/DSC_1495-300x200.jpg\" alt=\"\" width=\"300\" height=\"200\" \/><\/a><img loading=\"lazy\" class=\"alignnone size-medium wp-image-17152\" src=\"http:\/\/alilla.com\/wp-content\/uploads\/2017\/12\/DSC_0707-300x200.jpg\" alt=\"\" width=\"300\" height=\"200\" \/><a class=\"dt-pswp-item\" href=\"http:\/\/alilla.com\/wp-content\/uploads\/2017\/12\/DSC_0655-1.jpg\" data-dt-img-description=\"\" data-large_image_width=\"3543\" data-large_image_height=\"2362\"><img loading=\"lazy\" class=\"alignnone size-medium wp-image-17150\" src=\"http:\/\/alilla.com\/wp-content\/uploads\/2017\/12\/DSC_0655-1-300x200.jpg\" alt=\"\" width=\"300\" height=\"200\" \/><\/a><a class=\"dt-pswp-item\" href=\"http:\/\/alilla.com\/wp-content\/uploads\/2017\/12\/DSC_1135.jpg\" data-dt-img-description=\"\" data-large_image_width=\"3543\" data-large_image_height=\"2362\"><img loading=\"lazy\" class=\"alignnone size-medium wp-image-17154\" src=\"http:\/\/alilla.com\/wp-content\/uploads\/2017\/12\/DSC_1135-300x200.jpg\" alt=\"\" width=\"300\" height=\"200\" \/><\/a><\/p>\n<p>&nbsp;<\/p>\n<p><strong>KAROLINA MOTYLEWSKA<\/strong><\/p>\n<p><span lang=\"IT\">Un noto e famosa editrice e giornalista presso Jastrz\u0105b Post. Attualmente invitato a grandi eventi e benvenuto presentatore ATV di talento. Karolina svolge interviste con celebrit\u00e0 e personaggi famosi del mondo degli affari quasi ogni giorno. Karolina \u00e8 anche una bellissima modella, partecipando spesso a grandi sfilate di moda, sessioni fotografiche per marchi famosi e partecipando a programmi televisivi di moda.<\/span><\/p>\n<p><a class=\"dt-pswp-item\" href=\"http:\/\/alilla.com\/wp-content\/uploads\/2017\/12\/Karolina-Motylewska0.jpg\" data-dt-img-description=\"\" data-large_image_width=\"479\" data-large_image_height=\"720\"><img loading=\"lazy\" class=\"alignnone size-medium wp-image-17167\" src=\"http:\/\/alilla.com\/wp-content\/uploads\/2017\/12\/Karolina-Motylewska0-200x300.jpg\" alt=\"\" width=\"200\" height=\"300\" srcset=\"https:\/\/alilla.com\/wp-content\/uploads\/2017\/12\/Karolina-Motylewska0-200x300.jpg 200w, https:\/\/alilla.com\/wp-content\/uploads\/2017\/12\/Karolina-Motylewska0.jpg 479w\" sizes=\"(max-width: 200px) 100vw, 200px\" \/><\/a><a class=\"dt-pswp-item\" href=\"http:\/\/alilla.com\/wp-content\/uploads\/2017\/12\/Karolina-Motylewska1.jpg\" data-dt-img-description=\"\" data-large_image_width=\"639\" data-large_image_height=\"960\"><img loading=\"lazy\" class=\"alignnone size-medium wp-image-17169\" src=\"http:\/\/alilla.com\/wp-content\/uploads\/2017\/12\/Karolina-Motylewska1-200x300.jpg\" alt=\"\" width=\"200\" height=\"300\" srcset=\"https:\/\/alilla.com\/wp-content\/uploads\/2017\/12\/Karolina-Motylewska1-200x300.jpg 200w, https:\/\/alilla.com\/wp-content\/uploads\/2017\/12\/Karolina-Motylewska1.jpg 639w\" sizes=\"(max-width: 200px) 100vw, 200px\" \/><\/a><a class=\"dt-pswp-item\" href=\"http:\/\/alilla.com\/wp-content\/uploads\/2017\/12\/Karolina-Motylewska3.jpg\" data-dt-img-description=\"\" data-large_image_width=\"768\" data-large_image_height=\"960\"><img loading=\"lazy\" class=\"alignnone size-medium wp-image-17173\" src=\"http:\/\/alilla.com\/wp-content\/uploads\/2017\/12\/Karolina-Motylewska3-240x300.jpg\" alt=\"\" width=\"240\" height=\"300\" srcset=\"https:\/\/alilla.com\/wp-content\/uploads\/2017\/12\/Karolina-Motylewska3-240x300.jpg 240w, https:\/\/alilla.com\/wp-content\/uploads\/2017\/12\/Karolina-Motylewska3.jpg 768w\" sizes=\"(max-width: 240px) 100vw, 240px\" \/><\/a><a class=\"dt-pswp-item\" href=\"http:\/\/alilla.com\/wp-content\/uploads\/2017\/12\/Karolina-Motylewska4.jpg\" data-dt-img-description=\"\" data-large_image_width=\"768\" data-large_image_height=\"960\"><img loading=\"lazy\" class=\"alignnone size-medium wp-image-17175\" src=\"http:\/\/alilla.com\/wp-content\/uploads\/2017\/12\/Karolina-Motylewska4-240x300.jpg\" alt=\"\" width=\"240\" height=\"300\" srcset=\"https:\/\/alilla.com\/wp-content\/uploads\/2017\/12\/Karolina-Motylewska4-240x300.jpg 240w, https:\/\/alilla.com\/wp-content\/uploads\/2017\/12\/Karolina-Motylewska4.jpg 768w\" sizes=\"(max-width: 240px) 100vw, 240px\" \/><\/a>[\/vc_column_text][\/vc_column][\/vc_row]<\/p>\n","protected":false},"excerpt":{"rendered":"<p>[vc_row][vc_column width=&#8221;1\/2&#8243;][vc_column_text] Alilla Cosmetics COSMETICI POLACCHI DI TRUCCO NATURALE IN UNA PALETTE IN LEGNO ESCLUSIVA &#8211; STAI FUORI! SII LA FACCIA \/ AMBASCIATORE DELLA NUOVA LINEA DI PRODOTTI ESCLUSIVI Se sei riconosciuta\/-o, scrivi un blog, hai centinaia di migliaia di followers su Instagram e non solo &#8230; Se conosci persone dal grande schermo polacco o&hellip;<\/p>\n","protected":false},"author":1,"featured_media":0,"parent":0,"menu_order":0,"comment_status":"closed","ping_status":"closed","template":"","meta":[],"_links":{"self":[{"href":"https:\/\/alilla.com\/it\/wp-json\/wp\/v2\/pages\/18648"}],"collection":[{"href":"https:\/\/alilla.com\/it\/wp-json\/wp\/v2\/pages"}],"about":[{"href":"https:\/\/alilla.com\/it\/wp-json\/wp\/v2\/types\/page"}],"author":[{"embeddable":true,"href":"https:\/\/alilla.com\/it\/wp-json\/wp\/v2\/users\/1"}],"replies":[{"embeddable":true,"href":"https:\/\/alilla.com\/it\/wp-json\/wp\/v2\/comments?post=18648"}],"version-history":[{"count":3,"href":"https:\/\/alilla.com\/it\/wp-json\/wp\/v2\/pages\/18648\/revisions"}],"predecessor-version":[{"id":18766,"href":"https:\/\/alilla.com\/it\/wp-json\/wp\/v2\/pages\/18648\/revisions\/18766"}],"wp:attachment":[{"href":"https:\/\/alilla.com\/it\/wp-json\/wp\/v2\/media?parent=18648"}],"curies":[{"name":"wp","href":"https:\/\/api.w.org\/{rel}","templated":true}]}}