{"id":18646,"date":"2017-09-27T04:47:05","date_gmt":"2017-09-27T04:47:05","guid":{"rendered":"https:\/\/alilla.com\/media\/"},"modified":"2019-11-25T15:08:32","modified_gmt":"2019-11-25T15:08:32","slug":"medien","status":"publish","type":"page","link":"https:\/\/alilla.com\/de\/medien\/","title":{"rendered":"Medien"},"content":{"rendered":"<p>[vc_row][vc_column width=&#8220;1\/2&#8243;][vc_column_text]<\/p>\n<h2><strong>Alilla Cosmetics<\/strong><\/h2>\n<h5><span lang=\"DE\">POLIERTE NATURKOSMETIK ZUM SCHMINKEN IN EINER EXKLUSIVEN HOLZPALETTE &#8211; ZEICHNEN SIE SICH AUS!<\/span><\/h5>\n<h3><span lang=\"DE\">WERDE EIN GESICHT \/ EIN BOTSCHAFTER<\/span><\/h3>\n<h5>EINE NEUE PRODUKTLINIE<\/h5>\n<h5><\/h5>\n<h4><span lang=\"DE\">Wenn Sie erkannt werden, betreiben Sie einen Blog, Sie haben Hunderttausende von Menschen, die Instagram und mehr sehen&#8230;. Wenn Sie Menschen von der polnischen Gro\u00dfleinwand oder den Titelseiten von Zeitungen kennen oder Ihr Bewusstsein f\u00fcr die Qualit\u00e4t von Kosmetikprodukten und gesundheitsf\u00f6rdernden Aspekten des Einkaufens hoch ist.<\/span><\/h4>\n<p>&nbsp;<\/p>\n<h4><span lang=\"DE\">Schreiben Sie uns \u00fcber das untenstehende Formular oder kontaktieren Sie uns direkt:<\/span><\/h4>\n<h4><strong>Handy+48 531 344 274 \u00a0<\/strong>|<strong> \u00a0<\/strong>e-mail: <strong>wspolpraca@alilla.com<\/strong><\/h4>\n<h3><\/h3>\n<h4>Unser Weg ist Gesundheit, Natur und \u00d6kologie. Wir erreichen den bewussten Verbraucher, um Ihnen Sicherheit zu geben, indem wir Ihnen nat\u00fcrliche, hypoallergenicund extrem langlebige und tief pigmentierte Kosmetika f\u00fcr Frauen anbieten, insbesondere f\u00fcr problematische, extrem empfindliche Haut.<\/h4>\n<p>&nbsp;<\/p>\n<h4>Wenn Sie sich wie wir um Gesundheit und Umwelt k\u00fcmmern und im Einklang mit der Natur leben, ist diese Wahl f\u00fcr Sie genau das Richtige.<\/h4>\n<h4><\/h4>\n<p>[\/vc_column_text][\/vc_column][vc_column width=&#8220;1\/2&#8243;][contact-form-7 id=&#8220;16573&#8243;][\/vc_column][\/vc_row][vc_row][vc_column][vc_column_text]<\/p>\n<h2><span lang=\"DE\">Unsere Nat\u00fcrliche Lidschatten Vertrauen:<\/span><\/h2>\n<p>&nbsp;<\/p>\n<p><strong>MAGDALENA BIE\u0143KOWSKA<\/strong><\/p>\n<p><span lang=\"DE\">Die Gewinnerin des Titels Miss Poland 2015 vertrat Polen im internationalen Wettbewerb Miss International 2016, in dem sie sich im Finale befand.<\/span><\/p>\n<p><span lang=\"DE\">MAGDALENA war auch polnischer Kandidat f\u00fcr den Miss World-Titel im November 2017 in Sanya, China.<\/span><\/p>\n<p><a class=\"dt-pswp-item\" href=\"http:\/\/alilla.com\/wp-content\/uploads\/2017\/09\/4.jpg\" data-dt-img-description=\"\" data-large_image_width=\"750\" data-large_image_height=\"936\"><img loading=\"lazy\" class=\"alignnone wp-image-16676\" src=\"http:\/\/alilla.com\/wp-content\/uploads\/2017\/09\/4-240x300.jpg\" alt=\"\" width=\"226\" height=\"283\" srcset=\"https:\/\/alilla.com\/wp-content\/uploads\/2017\/09\/4-240x300.jpg 240w, https:\/\/alilla.com\/wp-content\/uploads\/2017\/09\/4.jpg 750w\" sizes=\"(max-width: 226px) 100vw, 226px\" \/><\/a><a class=\"dt-pswp-item\" href=\"http:\/\/alilla.com\/wp-content\/uploads\/2017\/09\/3.jpg\" data-dt-img-description=\"\" data-large_image_width=\"2000\" data-large_image_height=\"2000\"><img loading=\"lazy\" class=\"alignnone wp-image-16680\" src=\"http:\/\/alilla.com\/wp-content\/uploads\/2017\/09\/3-300x300.jpg\" alt=\"\" width=\"282\" height=\"282\" srcset=\"https:\/\/alilla.com\/wp-content\/uploads\/2017\/09\/3-300x300.jpg 300w, https:\/\/alilla.com\/wp-content\/uploads\/2017\/09\/3-150x150.jpg 150w, https:\/\/alilla.com\/wp-content\/uploads\/2017\/09\/3-768x768.jpg 768w, https:\/\/alilla.com\/wp-content\/uploads\/2017\/09\/3-1024x1024.jpg 1024w, https:\/\/alilla.com\/wp-content\/uploads\/2017\/09\/3-600x600.jpg 600w, https:\/\/alilla.com\/wp-content\/uploads\/2017\/09\/3.jpg 2000w\" sizes=\"(max-width: 282px) 100vw, 282px\" \/><\/a><a class=\"dt-pswp-item\" href=\"http:\/\/alilla.com\/wp-content\/uploads\/2017\/09\/5.jpg\" data-dt-img-description=\"\" data-large_image_width=\"640\" data-large_image_height=\"640\"><img loading=\"lazy\" class=\"alignnone wp-image-16682\" src=\"http:\/\/alilla.com\/wp-content\/uploads\/2017\/09\/5-300x300.jpg\" alt=\"\" width=\"281\" height=\"281\" srcset=\"https:\/\/alilla.com\/wp-content\/uploads\/2017\/09\/5-300x300.jpg 300w, https:\/\/alilla.com\/wp-content\/uploads\/2017\/09\/5-150x150.jpg 150w, https:\/\/alilla.com\/wp-content\/uploads\/2017\/09\/5-600x600.jpg 600w, https:\/\/alilla.com\/wp-content\/uploads\/2017\/09\/5.jpg 640w\" sizes=\"(max-width: 281px) 100vw, 281px\" \/><\/a><\/p>\n<p>&nbsp;<\/p>\n<p class=\"r\"><strong>MONIKA ANASTAZJA ADACH<\/strong><\/p>\n<p><span lang=\"EN-US\">Gewinnerin des Titels Vice Miss Polish Teen 2010.<\/span><span lang=\"DE\">Derzeit Topmodel.<\/span><\/p>\n<p><a class=\"dt-pswp-item\" href=\"http:\/\/alilla.com\/wp-content\/uploads\/2017\/09\/Unknown.jpg\" data-dt-img-description=\"\" data-large_image_width=\"150\" data-large_image_height=\"150\"><img loading=\"lazy\" class=\"alignnone wp-image-16705\" src=\"http:\/\/alilla.com\/wp-content\/uploads\/2017\/09\/Unknown.jpg\" alt=\"\" width=\"192\" height=\"192\" \/><\/a><a class=\"dt-pswp-item\" href=\"http:\/\/alilla.com\/wp-content\/uploads\/2017\/09\/2-1.jpg\" data-dt-img-description=\"\" data-large_image_width=\"480\" data-large_image_height=\"480\"><img loading=\"lazy\" class=\"alignnone wp-image-16711\" src=\"http:\/\/alilla.com\/wp-content\/uploads\/2017\/09\/2-1-300x300.jpg\" alt=\"\" width=\"192\" height=\"192\" srcset=\"https:\/\/alilla.com\/wp-content\/uploads\/2017\/09\/2-1-300x300.jpg 300w, https:\/\/alilla.com\/wp-content\/uploads\/2017\/09\/2-1-150x150.jpg 150w, https:\/\/alilla.com\/wp-content\/uploads\/2017\/09\/2-1.jpg 480w\" sizes=\"(max-width: 192px) 100vw, 192px\" \/><\/a><a class=\"dt-pswp-item\" href=\"http:\/\/alilla.com\/wp-content\/uploads\/2017\/09\/image1.jpg\" data-dt-img-description=\"\" data-large_image_width=\"2048\" data-large_image_height=\"1354\"><img loading=\"lazy\" class=\"alignnone wp-image-16737\" src=\"http:\/\/alilla.com\/wp-content\/uploads\/2017\/09\/image1-300x198.jpg\" alt=\"\" width=\"290\" height=\"191\" srcset=\"https:\/\/alilla.com\/wp-content\/uploads\/2017\/09\/image1-300x198.jpg 300w, https:\/\/alilla.com\/wp-content\/uploads\/2017\/09\/image1-768x508.jpg 768w, https:\/\/alilla.com\/wp-content\/uploads\/2017\/09\/image1-1024x677.jpg 1024w, https:\/\/alilla.com\/wp-content\/uploads\/2017\/09\/image1.jpg 2048w\" sizes=\"(max-width: 290px) 100vw, 290px\" \/><\/a><\/p>\n<p>&nbsp;<\/p>\n<p class=\"r\"><strong>ANIA PISZCZA\u0141KA<\/strong><\/p>\n<p>Polnisches Model, das an Shows in Mailand teilnahm. Im Jahr 2010 gewann sie an Popularit\u00e4t und belegte den dritten Platz bei der ersten Ausgabe des Programms &#8222;Top Model&#8220;.<\/p>\n<p>ANIA nimmt an Shows bekannter polnischer Designer wie Anna Cichosz, Maciej Zie\u0144 oder David Woli\u0144ski teil. Anna war auch in den Rollen von Eva Minge, Gosia Baczy\u0144ska und Teresa Kopias t\u00e4tig.<\/p>\n<p>&nbsp;<\/p>\n<p><a class=\"dt-pswp-item\" href=\"http:\/\/alilla.com\/wp-content\/uploads\/2017\/09\/ania-piszcz1.jpg\" data-dt-img-description=\"\" data-large_image_width=\"960\" data-large_image_height=\"960\"><img loading=\"lazy\" class=\"alignnone wp-image-16806\" src=\"http:\/\/alilla.com\/wp-content\/uploads\/2017\/09\/ania-piszcz1-300x300.jpg\" alt=\"\" width=\"291\" height=\"291\" srcset=\"https:\/\/alilla.com\/wp-content\/uploads\/2017\/09\/ania-piszcz1-300x300.jpg 300w, https:\/\/alilla.com\/wp-content\/uploads\/2017\/09\/ania-piszcz1-150x150.jpg 150w, https:\/\/alilla.com\/wp-content\/uploads\/2017\/09\/ania-piszcz1-768x768.jpg 768w, https:\/\/alilla.com\/wp-content\/uploads\/2017\/09\/ania-piszcz1-600x600.jpg 600w, https:\/\/alilla.com\/wp-content\/uploads\/2017\/09\/ania-piszcz1.jpg 960w\" sizes=\"(max-width: 291px) 100vw, 291px\" \/><\/a><a class=\"dt-pswp-item\" href=\"http:\/\/alilla.com\/wp-content\/uploads\/2017\/09\/ania-piszcza\u0142ka.jpg\" data-dt-img-description=\"\" data-large_image_width=\"768\" data-large_image_height=\"960\"><img loading=\"lazy\" class=\"alignnone wp-image-16810\" src=\"http:\/\/alilla.com\/wp-content\/uploads\/2017\/09\/ania-piszcza\u0142ka-240x300.jpg\" alt=\"\" width=\"233\" height=\"291\" srcset=\"https:\/\/alilla.com\/wp-content\/uploads\/2017\/09\/ania-piszcza\u0142ka-240x300.jpg 240w, https:\/\/alilla.com\/wp-content\/uploads\/2017\/09\/ania-piszcza\u0142ka.jpg 768w\" sizes=\"(max-width: 233px) 100vw, 233px\" \/><\/a><img loading=\"lazy\" class=\"alignnone wp-image-16812\" src=\"http:\/\/alilla.com\/wp-content\/uploads\/2017\/09\/ania-piszcz2-197x300.png\" alt=\"\" width=\"192\" height=\"292\" \/><\/p>\n<p><a class=\"dt-pswp-item\" href=\"http:\/\/alilla.com\/wp-content\/uploads\/2017\/09\/IMG_3900.jpg\" data-dt-img-description=\"\" data-large_image_width=\"3024\" data-large_image_height=\"4032\"><img loading=\"lazy\" class=\"alignnone wp-image-16802\" src=\"http:\/\/alilla.com\/wp-content\/uploads\/2017\/09\/IMG_3900-225x300.jpg\" alt=\"\" width=\"136\" height=\"181\" \/><\/a><img loading=\"lazy\" class=\"alignnone wp-image-16808\" src=\"http:\/\/alilla.com\/wp-content\/uploads\/2017\/09\/ania-piszcza\u0142ka-1-300x169.jpg\" alt=\"\" width=\"321\" height=\"181\" srcset=\"https:\/\/alilla.com\/wp-content\/uploads\/2017\/09\/ania-piszcza\u0142ka-1-300x169.jpg 300w, https:\/\/alilla.com\/wp-content\/uploads\/2017\/09\/ania-piszcza\u0142ka-1-768x432.jpg 768w, https:\/\/alilla.com\/wp-content\/uploads\/2017\/09\/ania-piszcza\u0142ka-1-1024x576.jpg 1024w, https:\/\/alilla.com\/wp-content\/uploads\/2017\/09\/ania-piszcza\u0142ka-1.jpg 1080w\" sizes=\"(max-width: 321px) 100vw, 321px\" \/><img loading=\"lazy\" class=\"alignnone wp-image-16800\" src=\"http:\/\/alilla.com\/wp-content\/uploads\/2017\/09\/IMG_3899-225x300.jpg\" alt=\"\" width=\"136\" height=\"181\" \/><img loading=\"lazy\" class=\"alignnone wp-image-16798\" src=\"http:\/\/alilla.com\/wp-content\/uploads\/2017\/09\/DSC_5279-300x199.jpg\" alt=\"\" width=\"273\" height=\"181\" \/><\/p>\n<p>&nbsp;<\/p>\n<p><strong>AGNIESZKA KAWIORSKA<\/strong><\/p>\n<p><span lang=\"DE\">Polnische Theater- und Filmschauspielerin. Absolvent der Staatlichen Hochschule f\u00fcr Theater in Krakau (2006). Noch im zweiten Studienjahr deb\u00fctierte sie auf der B\u00fchne des Alten Theaters in Krakau im St\u00fcck Gang Bang von Pawe\u0142 Sala unter der Leitung von Krzysztof Jaworski (2004). Die erste wichtige Rolle war Film Katy\u0144 unter der Leitung von Andrzej Wajda, wo sie Ewa spielte, die Tochter eines auf Katy\u0144 ermordeten Generals. Nach ihrem Abschluss an der Staatlichen Hochschule f\u00fcr Schauspielkunst stand sie auf der B\u00fchne der Krakauer Theater. Sie spielte auch am: Teatr Stary, Teatr Ludowy und Teatr Variete. Ihre schauspielerischen F\u00e4higkeiten perfektionierte sie am The Actors Temple in London.<\/span><\/p>\n<p><a class=\"dt-pswp-item\" href=\"http:\/\/alilla.com\/wp-content\/uploads\/2017\/12\/P1010646.jpg\" data-dt-img-description=\"\" data-large_image_width=\"3448\" data-large_image_height=\"4592\"><img loading=\"lazy\" class=\"alignnone size-medium wp-image-17132\" src=\"http:\/\/alilla.com\/wp-content\/uploads\/2017\/12\/P1010646-225x300.jpg\" alt=\"\" width=\"225\" height=\"300\" srcset=\"https:\/\/alilla.com\/wp-content\/uploads\/2017\/12\/P1010646-225x300.jpg 225w, https:\/\/alilla.com\/wp-content\/uploads\/2017\/12\/P1010646-768x1023.jpg 768w, https:\/\/alilla.com\/wp-content\/uploads\/2017\/12\/P1010646-769x1024.jpg 769w\" sizes=\"(max-width: 225px) 100vw, 225px\" \/><\/a><a class=\"dt-pswp-item\" href=\"http:\/\/alilla.com\/wp-content\/uploads\/2017\/12\/IMG_4502.jpg\" data-dt-img-description=\"\" data-large_image_width=\"800\" data-large_image_height=\"1422\"><img loading=\"lazy\" class=\"alignnone size-medium wp-image-17134\" src=\"http:\/\/alilla.com\/wp-content\/uploads\/2017\/12\/IMG_4502-169x300.jpg\" alt=\"\" width=\"169\" height=\"300\" srcset=\"https:\/\/alilla.com\/wp-content\/uploads\/2017\/12\/IMG_4502-169x300.jpg 169w, https:\/\/alilla.com\/wp-content\/uploads\/2017\/12\/IMG_4502-768x1365.jpg 768w, https:\/\/alilla.com\/wp-content\/uploads\/2017\/12\/IMG_4502-576x1024.jpg 576w, https:\/\/alilla.com\/wp-content\/uploads\/2017\/12\/IMG_4502.jpg 800w\" sizes=\"(max-width: 169px) 100vw, 169px\" \/><\/a><a class=\"dt-pswp-item\" href=\"http:\/\/alilla.com\/wp-content\/uploads\/2017\/12\/DSC_1530.jpg\" data-dt-img-description=\"\" data-large_image_width=\"2362\" data-large_image_height=\"3543\"><img loading=\"lazy\" class=\"alignnone size-medium wp-image-17136\" src=\"http:\/\/alilla.com\/wp-content\/uploads\/2017\/12\/DSC_1530-200x300.jpg\" alt=\"\" width=\"200\" height=\"300\" srcset=\"https:\/\/alilla.com\/wp-content\/uploads\/2017\/12\/DSC_1530-200x300.jpg 200w, https:\/\/alilla.com\/wp-content\/uploads\/2017\/12\/DSC_1530-768x1152.jpg 768w, https:\/\/alilla.com\/wp-content\/uploads\/2017\/12\/DSC_1530-683x1024.jpg 683w\" sizes=\"(max-width: 200px) 100vw, 200px\" \/><\/a><a class=\"dt-pswp-item\" href=\"http:\/\/alilla.com\/wp-content\/uploads\/2017\/12\/DSC_1225.jpg\" data-dt-img-description=\"\" data-large_image_width=\"2362\" data-large_image_height=\"3543\"><img loading=\"lazy\" class=\"alignnone size-medium wp-image-17138\" src=\"http:\/\/alilla.com\/wp-content\/uploads\/2017\/12\/DSC_1225-200x300.jpg\" alt=\"\" width=\"200\" height=\"300\" srcset=\"https:\/\/alilla.com\/wp-content\/uploads\/2017\/12\/DSC_1225-200x300.jpg 200w, https:\/\/alilla.com\/wp-content\/uploads\/2017\/12\/DSC_1225-768x1152.jpg 768w, https:\/\/alilla.com\/wp-content\/uploads\/2017\/12\/DSC_1225-683x1024.jpg 683w\" sizes=\"(max-width: 200px) 100vw, 200px\" \/><\/a><\/p>\n<p>&nbsp;<\/p>\n<p><strong>ELIZA GWIAZDA<\/strong><\/p>\n<p><span lang=\"DE\">Ber\u00fchmte TV-Moderatorin. Sch\u00f6n, jung und sehr ehrgeizig. Sie arbeitet t\u00e4glich mit Stars und Prominenten zusammen. Sie ist Salonredakteurin und berichtet \u00fcber die wichtigsten Kultur- und Mode-Events in Polen.<\/span><\/p>\n<p><a class=\"dt-pswp-item\" href=\"http:\/\/alilla.com\/wp-content\/uploads\/2017\/12\/DSC_1495.jpg\" data-dt-img-description=\"\" data-large_image_width=\"3543\" data-large_image_height=\"2362\"><img loading=\"lazy\" class=\"alignnone size-medium wp-image-17142\" src=\"http:\/\/alilla.com\/wp-content\/uploads\/2017\/12\/DSC_1495-300x200.jpg\" alt=\"\" width=\"300\" height=\"200\" \/><\/a><img loading=\"lazy\" class=\"alignnone size-medium wp-image-17152\" src=\"http:\/\/alilla.com\/wp-content\/uploads\/2017\/12\/DSC_0707-300x200.jpg\" alt=\"\" width=\"300\" height=\"200\" \/><a class=\"dt-pswp-item\" href=\"http:\/\/alilla.com\/wp-content\/uploads\/2017\/12\/DSC_0655-1.jpg\" data-dt-img-description=\"\" data-large_image_width=\"3543\" data-large_image_height=\"2362\"><img loading=\"lazy\" class=\"alignnone size-medium wp-image-17150\" src=\"http:\/\/alilla.com\/wp-content\/uploads\/2017\/12\/DSC_0655-1-300x200.jpg\" alt=\"\" width=\"300\" height=\"200\" \/><\/a><a class=\"dt-pswp-item\" href=\"http:\/\/alilla.com\/wp-content\/uploads\/2017\/12\/DSC_1135.jpg\" data-dt-img-description=\"\" data-large_image_width=\"3543\" data-large_image_height=\"2362\"><img loading=\"lazy\" class=\"alignnone size-medium wp-image-17154\" src=\"http:\/\/alilla.com\/wp-content\/uploads\/2017\/12\/DSC_1135-300x200.jpg\" alt=\"\" width=\"300\" height=\"200\" \/><\/a><\/p>\n<p>&nbsp;<\/p>\n<p><strong>KAROLINA MOTYLEWSKA<\/strong><\/p>\n<p><span lang=\"DE\">Ein bekannter und beliebter Redakteur und Journalist bei Jastrz\u0105b Post. Derzeit zu den gr\u00f6\u00dften Veranstaltungen eingeladen und begr\u00fc\u00dfen talentierte ATV-Moderatoren. Karolina f\u00fchrt fast t\u00e4glich Interviews mit Prominenten und bekannten Pers\u00f6nlichkeiten der Wirtschaft. Karolina ist auch ein wundersch\u00f6nes Model, das oft an exzellenten Modenschauen, Fotosessions f\u00fcr bekannte Marken und an TV-Modeschauen teilnimmt.<\/span><\/p>\n<p><a class=\"dt-pswp-item\" href=\"http:\/\/alilla.com\/wp-content\/uploads\/2017\/12\/Karolina-Motylewska0.jpg\" data-dt-img-description=\"\" data-large_image_width=\"479\" data-large_image_height=\"720\"><img loading=\"lazy\" class=\"alignnone size-medium wp-image-17167\" src=\"http:\/\/alilla.com\/wp-content\/uploads\/2017\/12\/Karolina-Motylewska0-200x300.jpg\" alt=\"\" width=\"200\" height=\"300\" srcset=\"https:\/\/alilla.com\/wp-content\/uploads\/2017\/12\/Karolina-Motylewska0-200x300.jpg 200w, https:\/\/alilla.com\/wp-content\/uploads\/2017\/12\/Karolina-Motylewska0.jpg 479w\" sizes=\"(max-width: 200px) 100vw, 200px\" \/><\/a><a class=\"dt-pswp-item\" href=\"http:\/\/alilla.com\/wp-content\/uploads\/2017\/12\/Karolina-Motylewska1.jpg\" data-dt-img-description=\"\" data-large_image_width=\"639\" data-large_image_height=\"960\"><img loading=\"lazy\" class=\"alignnone size-medium wp-image-17169\" src=\"http:\/\/alilla.com\/wp-content\/uploads\/2017\/12\/Karolina-Motylewska1-200x300.jpg\" alt=\"\" width=\"200\" height=\"300\" srcset=\"https:\/\/alilla.com\/wp-content\/uploads\/2017\/12\/Karolina-Motylewska1-200x300.jpg 200w, https:\/\/alilla.com\/wp-content\/uploads\/2017\/12\/Karolina-Motylewska1.jpg 639w\" sizes=\"(max-width: 200px) 100vw, 200px\" \/><\/a><a class=\"dt-pswp-item\" href=\"http:\/\/alilla.com\/wp-content\/uploads\/2017\/12\/Karolina-Motylewska3.jpg\" data-dt-img-description=\"\" data-large_image_width=\"768\" data-large_image_height=\"960\"><img loading=\"lazy\" class=\"alignnone size-medium wp-image-17173\" src=\"http:\/\/alilla.com\/wp-content\/uploads\/2017\/12\/Karolina-Motylewska3-240x300.jpg\" alt=\"\" width=\"240\" height=\"300\" srcset=\"https:\/\/alilla.com\/wp-content\/uploads\/2017\/12\/Karolina-Motylewska3-240x300.jpg 240w, https:\/\/alilla.com\/wp-content\/uploads\/2017\/12\/Karolina-Motylewska3.jpg 768w\" sizes=\"(max-width: 240px) 100vw, 240px\" \/><\/a><a class=\"dt-pswp-item\" href=\"http:\/\/alilla.com\/wp-content\/uploads\/2017\/12\/Karolina-Motylewska4.jpg\" data-dt-img-description=\"\" data-large_image_width=\"768\" data-large_image_height=\"960\"><img loading=\"lazy\" class=\"alignnone size-medium wp-image-17175\" src=\"http:\/\/alilla.com\/wp-content\/uploads\/2017\/12\/Karolina-Motylewska4-240x300.jpg\" alt=\"\" width=\"240\" height=\"300\" srcset=\"https:\/\/alilla.com\/wp-content\/uploads\/2017\/12\/Karolina-Motylewska4-240x300.jpg 240w, https:\/\/alilla.com\/wp-content\/uploads\/2017\/12\/Karolina-Motylewska4.jpg 768w\" sizes=\"(max-width: 240px) 100vw, 240px\" \/><\/a>[\/vc_column_text][\/vc_column][\/vc_row]<\/p>\n","protected":false},"excerpt":{"rendered":"<p>[vc_row][vc_column width=&#8220;1\/2&#8243;][vc_column_text] Alilla Cosmetics POLIERTE NATURKOSMETIK ZUM SCHMINKEN IN EINER EXKLUSIVEN HOLZPALETTE &#8211; ZEICHNEN SIE SICH AUS! WERDE EIN GESICHT \/ EIN BOTSCHAFTER EINE NEUE PRODUKTLINIE Wenn Sie erkannt werden, betreiben Sie einen Blog, Sie haben Hunderttausende von Menschen, die Instagram und mehr sehen&#8230;. Wenn Sie Menschen von der polnischen Gro\u00dfleinwand oder den Titelseiten von&hellip;<\/p>\n","protected":false},"author":1,"featured_media":0,"parent":0,"menu_order":0,"comment_status":"closed","ping_status":"closed","template":"","meta":[],"_links":{"self":[{"href":"https:\/\/alilla.com\/de\/wp-json\/wp\/v2\/pages\/18646"}],"collection":[{"href":"https:\/\/alilla.com\/de\/wp-json\/wp\/v2\/pages"}],"about":[{"href":"https:\/\/alilla.com\/de\/wp-json\/wp\/v2\/types\/page"}],"author":[{"embeddable":true,"href":"https:\/\/alilla.com\/de\/wp-json\/wp\/v2\/users\/1"}],"replies":[{"embeddable":true,"href":"https:\/\/alilla.com\/de\/wp-json\/wp\/v2\/comments?post=18646"}],"version-history":[{"count":3,"href":"https:\/\/alilla.com\/de\/wp-json\/wp\/v2\/pages\/18646\/revisions"}],"predecessor-version":[{"id":18733,"href":"https:\/\/alilla.com\/de\/wp-json\/wp\/v2\/pages\/18646\/revisions\/18733"}],"wp:attachment":[{"href":"https:\/\/alilla.com\/de\/wp-json\/wp\/v2\/media?parent=18646"}],"curies":[{"name":"wp","href":"https:\/\/api.w.org\/{rel}","templated":true}]}}