{"id":18559,"date":"2016-04-07T11:42:49","date_gmt":"2016-04-07T11:42:49","guid":{"rendered":"https:\/\/alilla.com\/jak-stosowac\/"},"modified":"2019-11-22T14:51:06","modified_gmt":"2019-11-22T14:51:06","slug":"wie-man-mineralische-lidschatten-verwendet","status":"publish","type":"page","link":"https:\/\/alilla.com\/de\/wie-man-mineralische-lidschatten-verwendet\/","title":{"rendered":"Wie man mineralische Lidschatten verwendet"},"content":{"rendered":"<p>[vc_row full_width=&#8220;stretch_row&#8220; full_width_row=&#8220;true&#8220; css=&#8220;.vc_custom_1478187700076{margin-top: -50px !important;background-position: center !important;background-repeat: no-repeat !important;background-size: contain !important;}&#8220;][vc_column][vc_single_image image=&#8220;15571&#8243; img_size=&#8220;full&#8220; alignment=&#8220;center&#8220;][\/vc_column][\/vc_row][vc_row][vc_column width=&#8220;1\/6&#8243;][\/vc_column][vc_column width=&#8220;2\/3&#8243;][vc_column_text]<\/p>\n<h2 style=\"text-align: center;\"><span lang=\"DE\">Wie man mineralische Lidschatten verwendet<\/span><\/h2>\n<p>[\/vc_column_text][\/vc_column][vc_column width=&#8220;1\/6&#8243;][\/vc_column][\/vc_row][vc_row][vc_column width=&#8220;1\/6&#8243;][\/vc_column][vc_column width=&#8220;2\/3&#8243;]<div class=\"smile-icon-timeline-wrap csstime  timeline-custom-width \" data-timeline-cutom-width=\"800\"    style=\"\"><div class=\"timeline-line \" style=\"border-right-color:#e5e5e5;\"><span><\/span><\/div><div class=\"timeline-wrapper\"><\/div><div class=\"timeline-feature-item feat-item feat-top \"><div class=\"feat-dot feat-top\"><div class=\"timeline-dot\"><\/div><\/div><div class=\"ult-timeline-arrow feat-top\"><s><\/s><l><\/l><\/div><div class=\"timeline-icon-block\"><div class=\"ult-timeline-icon tl-icon-no-bg\" style=\"   \"><\/div> <!-- icon --><\/div><div class=\"timeline-header-block\" >\n\t\t\t\t\t\t\t<div class=\"timeline-header\" id=\"timeline-featured-4015\"  style=\"\"><h3\n\t\t\t class=\"ult-timeline-title ult-responsive\"   data-ultimate-target='#timeline-featured-4015 .ult-timeline-title'  data-responsive-json-new='{\"font-size\":\"\",\"line-height\":\"\"}'  style=\"\"><\/h3><div class=\"ult-responsive custom-lht\"  data-ultimate-target='#timeline-featured-4015 .custom-lht'  data-responsive-json-new='{\"font-size\":\"\",\"line-height\":\"\"}'  style=\"\"><\/p>\n<h3 style=\"text-align: center;\"><span lang=\"DE\">Mineralische Lidschatten fallen aufgrund ihrer Konsistenz w\u00e4hrend der Anwendung gerne ab, daher ist es am besten, mit dem Augen-Make-up zu beginnen.\u00a0<\/span><div class=\"gap\" style=\"line-height: 25px; height: 25px;\"><\/div><\/h3>\n<h3 style=\"text-align: center;\"><span lang=\"DE\">Sie sollten mit einem Pinsel aufgetragen werden und die richtige Methode f\u00fcr den gew\u00fcnschten Effekt w\u00e4hlen. Um pr\u00e4zise, d\u00fcnne Linien zu malen (Eyeliner-Effekt), verwenden wir einen Kopf mit einer schr\u00e4gen Spitze und einer abgerundeten Spitze, um die Farbe aufzutragen und zu reiben.<\/span><\/h3>\n<h3 style=\"text-align: center;\"><div class=\"gap\" style=\"line-height: 25px; height: 25px;\"><\/div><\/h3>\n<h3 style=\"text-align: center;\"><span lang=\"DE\">Auf die Basis f\u00fcr Kosmetika k\u00f6nnen Lidschatten aufgetragen werden, die ihre Haftung und Haltbarkeit weiter erh\u00f6hen. Durch den Nassauftrag wird das Make-up st\u00e4rker, und wenn es zweimal aufgetragen wird, k\u00f6nnen sie sanft gl\u00e4nzende, holographische Farben erzeugen, die sich je nach Lichteinfallswinkel \u00e4ndern. Bei der Anwendung mit einem trockenen Pinsel wird die Wirkung von Nebel erreicht. Je nachdem, wie viel kosmetisches Puder du auf den Pinsel nimmst, ist dies die Intensit\u00e4t der Farbe.<\/span><\/h3>\n<p><\/div><\/div> <!-- header --><\/div><\/div><div class=\"timeline-wrapper \"><div class=\"timeline-block \"><div class=\"timeline-dot\"><\/div><div class=\"ult-timeline-arrow\"><s><\/s><l><\/l><\/div><div class=\"timeline-icon-block\"><div class=\"ult-timeline-icon \" style=\"   \"><div class=\"ult-just-icon-wrapper  \"><div class=\"align-icon\" style=\"text-align:center;\">\n<div class=\"aio-icon-img \" style=\"font-size:100px;background:#ffffff;display:inline-block;\" >\n\t<img class=\"img-icon\" alt=\"null\" src=\"https:\/\/alilla.com\/wp-content\/uploads\/2016\/04\/1.png\"\/>\n<\/div><\/div><\/div><\/div> <!-- icon --><\/div><div class=\"timeline-header-block\" >\n\t\t\t\t\t\t\t<div id=\"timeline-item-5225\" class=\"timeline-header\" style=\"\"><h3 class=\"ult-timeline-title ult-responsive\"  data-ultimate-target='#timeline-item-5225 .ult-timeline-title'  data-responsive-json-new='{\"font-size\":\"\",\"line-height\":\"\"}'  style=\"\"><\/h3><div class=\"ult-responsive timeline-item-spt\"  data-ultimate-target='#timeline-item-5225 .timeline-item-spt'  data-responsive-json-new='{\"font-size\":\"\",\"line-height\":\"\"}'  style=\"\"><\/p>\n<h3><span lang=\"DE\">Tragen Sie vor dem Augen-Make-up eine d\u00fcnne Schicht Base oder Fundation auf &#8211; das Make-up h\u00e4lt l\u00e4nger.<\/span><\/h3>\n<p><\/div><\/div> <!-- header --><\/div><\/div><div class=\"timeline-block \"><div class=\"timeline-dot\"><\/div><div class=\"ult-timeline-arrow\"><s><\/s><l><\/l><\/div><div class=\"timeline-icon-block\"><div class=\"ult-timeline-icon \" style=\"   \"><div class=\"ult-just-icon-wrapper  \"><div class=\"align-icon\" style=\"text-align:center;\">\n<div class=\"aio-icon-img \" style=\"font-size:100px;background:#ffffff;display:inline-block;\" >\n\t<img class=\"img-icon\" alt=\"null\" src=\"https:\/\/alilla.com\/wp-content\/uploads\/2016\/04\/2.png\"\/>\n<\/div><\/div><\/div><\/div> <!-- icon --><\/div><div class=\"timeline-header-block\" >\n\t\t\t\t\t\t\t<div id=\"timeline-item-4469\" class=\"timeline-header\" style=\"\"><h3 class=\"ult-timeline-title ult-responsive\"  data-ultimate-target='#timeline-item-4469 .ult-timeline-title'  data-responsive-json-new='{\"font-size\":\"\",\"line-height\":\"\"}'  style=\"\"><\/h3><div class=\"ult-responsive timeline-item-spt\"  data-ultimate-target='#timeline-item-4469 .timeline-item-spt'  data-responsive-json-new='{\"font-size\":\"\",\"line-height\":\"\"}'  style=\"\"><\/p>\n<h3><span lang=\"DE\">Nehmen Sie eine kleine Menge Lidschatten mit einem Pinsel und dr\u00fccken Sie ihn sanft gegen die Oberfl\u00e4che der Kosmetik.<\/span><\/h3>\n<p><\/div><\/div> <!-- header --><\/div><\/div><div class=\"timeline-block \"><div class=\"timeline-dot\"><\/div><div class=\"ult-timeline-arrow\"><s><\/s><l><\/l><\/div><div class=\"timeline-icon-block\"><div class=\"ult-timeline-icon \" style=\"   \"><div class=\"ult-just-icon-wrapper  \"><div class=\"align-icon\" style=\"text-align:center;\">\n<div class=\"aio-icon-img \" style=\"font-size:100px;background:#ffffff;display:inline-block;\" >\n\t<img class=\"img-icon\" alt=\"null\" src=\"https:\/\/alilla.com\/wp-content\/uploads\/2016\/04\/3.png\"\/>\n<\/div><\/div><\/div><\/div> <!-- icon --><\/div><div class=\"timeline-header-block\" >\n\t\t\t\t\t\t\t<div id=\"timeline-item-1066\" class=\"timeline-header\" style=\"\"><h3 class=\"ult-timeline-title ult-responsive\"  data-ultimate-target='#timeline-item-1066 .ult-timeline-title'  data-responsive-json-new='{\"font-size\":\"\",\"line-height\":\"\"}'  style=\"\"><\/h3><div class=\"ult-responsive timeline-item-spt\"  data-ultimate-target='#timeline-item-1066 .timeline-item-spt'  data-responsive-json-new='{\"font-size\":\"\",\"line-height\":\"\"}'  style=\"\"><\/p>\n<h3><span lang=\"DE\">Entfernen Sie \u00fcbersch\u00fcssiges Material, um das Verlassen der Augenpartie zu vermeiden.<\/span><\/h3>\n<p><\/div><\/div> <!-- header --><\/div><\/div><div class=\"timeline-block \"><div class=\"timeline-dot\"><\/div><div class=\"ult-timeline-arrow\"><s><\/s><l><\/l><\/div><div class=\"timeline-icon-block\"><div class=\"ult-timeline-icon \" style=\"   \"><div class=\"ult-just-icon-wrapper  \"><div class=\"align-icon\" style=\"text-align:center;\">\n<div class=\"aio-icon-img \" style=\"font-size:100px;background:#ffffff;display:inline-block;\" >\n\t<img class=\"img-icon\" alt=\"null\" src=\"https:\/\/alilla.com\/wp-content\/uploads\/2016\/04\/4.png\"\/>\n<\/div><\/div><\/div><\/div> <!-- icon --><\/div><div class=\"timeline-header-block\" >\n\t\t\t\t\t\t\t<div id=\"timeline-item-1658\" class=\"timeline-header\" style=\"\"><h3 class=\"ult-timeline-title ult-responsive\"  data-ultimate-target='#timeline-item-1658 .ult-timeline-title'  data-responsive-json-new='{\"font-size\":\"\",\"line-height\":\"\"}'  style=\"\"><\/h3><div class=\"ult-responsive timeline-item-spt\"  data-ultimate-target='#timeline-item-1658 .timeline-item-spt'  data-responsive-json-new='{\"font-size\":\"\",\"line-height\":\"\"}'  style=\"\"><\/p>\n<h3><span lang=\"DE\">Tragen Sie den Lidschatten sanft auf, indem Sie von der Au\u00dfenecke aus auf den Lidschattenpinsel dr\u00fccken.<\/span><\/h3>\n<p><\/div><\/div> <!-- header --><\/div><\/div><div class=\"timeline-block \"><div class=\"timeline-dot\"><\/div><div class=\"ult-timeline-arrow\"><s><\/s><l><\/l><\/div><div class=\"timeline-icon-block\"><div class=\"ult-timeline-icon tl-icon-no-bg\" style=\"   \"><div class=\"ult-just-icon-wrapper  \"><div class=\"align-icon\" style=\"text-align:center;\">\n<div class=\"aio-icon-img \" style=\"font-size:100px;display:inline-block;\" >\n\t<img class=\"img-icon\" alt=\"null\" src=\"https:\/\/alilla.com\/wp-content\/uploads\/2016\/04\/5.png\"\/>\n<\/div><\/div><\/div><\/div> <!-- icon --><\/div><div class=\"timeline-header-block\" >\n\t\t\t\t\t\t\t<div id=\"timeline-item-2332\" class=\"timeline-header\" style=\"\"><h3 class=\"ult-timeline-title ult-responsive\"  data-ultimate-target='#timeline-item-2332 .ult-timeline-title'  data-responsive-json-new='{\"font-size\":\"\",\"line-height\":\"\"}'  style=\"\"><\/h3><div class=\"ult-responsive timeline-item-spt\"  data-ultimate-target='#timeline-item-2332 .timeline-item-spt'  data-responsive-json-new='{\"font-size\":\"\",\"line-height\":\"\"}'  style=\"font-family:&#039;Dosis&#039;;font-weight:500;\"><\/p>\n<h3><span lang=\"DE\">Um den Effekt zu verbessern, k\u00f6nnen Sie die Aktion wiederholen.<\/span><\/h3>\n<p><\/div><\/div> <!-- header --><\/div><\/div><\/div><\/div>[\/vc_column][vc_column width=&#8220;1\/6&#8243;][\/vc_column][\/vc_row]<\/p>\n","protected":false},"excerpt":{"rendered":"<p>[vc_row full_width=&#8220;stretch_row&#8220; full_width_row=&#8220;true&#8220; css=&#8220;.vc_custom_1478187700076{margin-top: -50px !important;background-position: center !important;background-repeat: no-repeat !important;background-size: contain !important;}&#8220;][vc_column][vc_single_image image=&#8220;15571&#8243; img_size=&#8220;full&#8220; alignment=&#8220;center&#8220;][\/vc_column][\/vc_row][vc_row][vc_column width=&#8220;1\/6&#8243;][\/vc_column][vc_column width=&#8220;2\/3&#8243;][vc_column_text] Wie man mineralische Lidschatten verwendet [\/vc_column_text][\/vc_column][vc_column width=&#8220;1\/6&#8243;][\/vc_column][\/vc_row][vc_row][vc_column width=&#8220;1\/6&#8243;][\/vc_column][vc_column width=&#8220;2\/3&#8243;][\/vc_column][vc_column width=&#8220;1\/6&#8243;][\/vc_column][\/vc_row]<\/p>\n","protected":false},"author":1,"featured_media":0,"parent":0,"menu_order":0,"comment_status":"closed","ping_status":"closed","template":"","meta":[],"_links":{"self":[{"href":"https:\/\/alilla.com\/de\/wp-json\/wp\/v2\/pages\/18559"}],"collection":[{"href":"https:\/\/alilla.com\/de\/wp-json\/wp\/v2\/pages"}],"about":[{"href":"https:\/\/alilla.com\/de\/wp-json\/wp\/v2\/types\/page"}],"author":[{"embeddable":true,"href":"https:\/\/alilla.com\/de\/wp-json\/wp\/v2\/users\/1"}],"replies":[{"embeddable":true,"href":"https:\/\/alilla.com\/de\/wp-json\/wp\/v2\/comments?post=18559"}],"version-history":[{"count":3,"href":"https:\/\/alilla.com\/de\/wp-json\/wp\/v2\/pages\/18559\/revisions"}],"predecessor-version":[{"id":18596,"href":"https:\/\/alilla.com\/de\/wp-json\/wp\/v2\/pages\/18559\/revisions\/18596"}],"wp:attachment":[{"href":"https:\/\/alilla.com\/de\/wp-json\/wp\/v2\/media?parent=18559"}],"curies":[{"name":"wp","href":"https:\/\/api.w.org\/{rel}","templated":true}]}}